{"id":295,"date":"2021-09-09T13:08:31","date_gmt":"2021-09-09T11:08:31","guid":{"rendered":"http:\/\/konstila.skargardsreklam.fi\/?page_id=295"},"modified":"2022-03-21T12:39:51","modified_gmt":"2022-03-21T11:39:51","slug":"etusivu","status":"publish","type":"page","link":"https:\/\/konstila.fi\/fi\/etusivu\/","title":{"rendered":"ETUSIVU"},"content":{"rendered":"\n<p>Turunmaan Kuvataidekoulu KonsTila on 40 -vuotias, yksityinen taidekoulu. Kuvataidekoulun perusti Paraisten taideyhdistys Pictura mutta tammikuusta 2021 l\u00e4htien sen toiminnasta on vastannut \u00c5bolands Ungdomsf\u00f6rbund \u00c5UF rf.<\/p>\n","protected":false},"excerpt":{"rendered":"<p>Turunmaan Kuvataidekoulu KonsTila on 40 -vuotias, yksityinen taidekoulu. Kuvataidekoulun perusti Paraisten taideyhdistys Pictura mutta tammikuusta 2021 l\u00e4htien sen toiminnasta on vastannut \u00c5bolands Ungdomsf\u00f6rbund \u00c5UF rf.<\/p>\n","protected":false},"author":1,"featured_media":159,"parent":0,"menu_order":0,"comment_status":"closed","ping_status":"closed","template":"","meta":{"footnotes":""},"class_list":["post-295","page","type-page","status-publish","has-post-thumbnail","hentry","entry"],"acf":[],"_links":{"self":[{"href":"https:\/\/konstila.fi\/fi\/wp-json\/wp\/v2\/pages\/295","targetHints":{"allow":["GET"]}}],"collection":[{"href":"https:\/\/konstila.fi\/fi\/wp-json\/wp\/v2\/pages"}],"about":[{"href":"https:\/\/konstila.fi\/fi\/wp-json\/wp\/v2\/types\/page"}],"author":[{"embeddable":true,"href":"https:\/\/konstila.fi\/fi\/wp-json\/wp\/v2\/users\/1"}],"replies":[{"embeddable":true,"href":"https:\/\/konstila.fi\/fi\/wp-json\/wp\/v2\/comments?post=295"}],"version-history":[{"count":1,"href":"https:\/\/konstila.fi\/fi\/wp-json\/wp\/v2\/pages\/295\/revisions"}],"predecessor-version":[{"id":296,"href":"https:\/\/konstila.fi\/fi\/wp-json\/wp\/v2\/pages\/295\/revisions\/296"}],"wp:featuredmedia":[{"embeddable":true,"href":"https:\/\/konstila.fi\/fi\/wp-json\/wp\/v2\/media\/159"}],"wp:attachment":[{"href":"https:\/\/konstila.fi\/fi\/wp-json\/wp\/v2\/media?parent=295"}],"curies":[{"name":"wp","href":"https:\/\/api.w.org\/{rel}","templated":true}]}}